{"id":5065,"date":"2023-05-19T04:44:02","date_gmt":"2023-05-19T03:44:02","guid":{"rendered":"https:\/\/www.hiddentrackrecords.com\/product\/tots-els-cingles\/"},"modified":"2025-12-10T18:56:36","modified_gmt":"2025-12-10T17:56:36","slug":"tots-els-cingles","status":"publish","type":"product","link":"https:\/\/www.hiddentrackrecords.com\/ca\/product\/tots-els-cingles\/","title":{"rendered":"Tots els cingles d&#8217;Anna Andreu"},"content":{"rendered":"<p>Aquest viatge d&#8217;Anna Andreu al 2023, conclou amb <strong>Tots els Cingles, una edici\u00f3 limitada en un vinil de 7\u201d<\/strong> que lliga tots els singles: Quietud, Letargo y Despertar i Ulls en Blanc, juntament amb Canci\u00f3n del Jinete i U Cinquanta, una petita sorpresa que sols es podr\u00e0 escoltar adquirint aquest vinil. Tots els Cingles es podr\u00e0 reservar a finals de maig i sortir\u00e0 el 19 d\u2019octubre, coincidint amb el concert de l\u2019Anna Andreu a la Sala Apolo de Barcelona, dins de la programaci\u00f3 de Curtcircuit on veurem a l\u2019Anna Andreu desplegar tota la seva m\u00e0gia. Fes la teva compra ara amb opci\u00f3 recollida (i vinil signat) a la Sala Apolo o opci\u00f3 enviament a casa, a m\u00e9s fent la teva pre-compra ara estar\u00e1s contribuint a la fabricaci\u00f3 directa dels vinils. Gr\u00e0cies!<\/p>\n","protected":false},"excerpt":{"rendered":"<p>Vinil 7&#8243; negre<\/p>\n","protected":false},"featured_media":5061,"template":"","meta":{"_acf_changed":false,"_uag_custom_page_level_css":""},"product_brand":[],"product_cat":[189],"product_tag":[194,208,255],"class_list":{"0":"post-5065","1":"product","2":"type-product","3":"status-publish","4":"has-post-thumbnail","6":"product_cat-records-ca","7":"product_tag-7-ca","8":"product_tag-anna-andreu-ca","9":"product_tag-vinilo-ca","11":"first","12":"instock","13":"shipping-taxable","14":"purchasable","15":"product-type-simple"},"acf":[],"yoast_head":"<!-- This site is optimized with the Yoast SEO plugin v27.5 - https:\/\/yoast.com\/product\/yoast-seo-wordpress\/ -->\n<title>Tots els cingles d&#039;Anna Andreu - Hidden Track Records<\/title>\n<meta name=\"robots\" content=\"index, follow, max-snippet:-1, max-image-preview:large, max-video-preview:-1\" \/>\n<link rel=\"canonical\" href=\"https:\/\/www.hiddentrackrecords.com\/ca\/product\/tots-els-cingles\/\" \/>\n<meta property=\"og:locale\" content=\"ca_ES\" \/>\n<meta property=\"og:type\" content=\"article\" \/>\n<meta property=\"og:title\" content=\"Tots els cingles d&#039;Anna Andreu - Hidden Track Records\" \/>\n<meta property=\"og:description\" content=\"Vinil 7&quot; negre\" \/>\n<meta property=\"og:url\" content=\"https:\/\/www.hiddentrackrecords.com\/ca\/product\/tots-els-cingles\/\" \/>\n<meta property=\"og:site_name\" content=\"Hidden Track Records\" \/>\n<meta property=\"article:modified_time\" content=\"2025-12-10T17:56:36+00:00\" \/>\n<meta property=\"og:image\" content=\"https:\/\/www.hiddentrackrecords.com\/wp-content\/uploads\/2023\/05\/portada.jpeg\" \/>\n\t<meta property=\"og:image:width\" content=\"2202\" \/>\n\t<meta property=\"og:image:height\" content=\"2202\" \/>\n\t<meta property=\"og:image:type\" content=\"image\/jpeg\" \/>\n<meta name=\"twitter:card\" content=\"summary_large_image\" \/>\n<meta name=\"twitter:label1\" content=\"Temps estimat de lectura\" \/>\n\t<meta name=\"twitter:data1\" content=\"1 minut\" \/>\n<script type=\"application\/ld+json\" class=\"yoast-schema-graph\">{\"@context\":\"https:\\\/\\\/schema.org\",\"@graph\":[{\"@type\":\"WebPage\",\"@id\":\"https:\\\/\\\/www.hiddentrackrecords.com\\\/ca\\\/product\\\/tots-els-cingles\\\/\",\"url\":\"https:\\\/\\\/www.hiddentrackrecords.com\\\/ca\\\/product\\\/tots-els-cingles\\\/\",\"name\":\"Tots els cingles d'Anna Andreu - Hidden Track Records\",\"isPartOf\":{\"@id\":\"https:\\\/\\\/www.hiddentrackrecords.com\\\/#website\"},\"primaryImageOfPage\":{\"@id\":\"https:\\\/\\\/www.hiddentrackrecords.com\\\/ca\\\/product\\\/tots-els-cingles\\\/#primaryimage\"},\"image\":{\"@id\":\"https:\\\/\\\/www.hiddentrackrecords.com\\\/ca\\\/product\\\/tots-els-cingles\\\/#primaryimage\"},\"thumbnailUrl\":\"https:\\\/\\\/www.hiddentrackrecords.com\\\/wp-content\\\/uploads\\\/2023\\\/05\\\/portada.jpeg\",\"datePublished\":\"2023-05-19T03:44:02+00:00\",\"dateModified\":\"2025-12-10T17:56:36+00:00\",\"breadcrumb\":{\"@id\":\"https:\\\/\\\/www.hiddentrackrecords.com\\\/ca\\\/product\\\/tots-els-cingles\\\/#breadcrumb\"},\"inLanguage\":\"ca\",\"potentialAction\":[{\"@type\":\"ReadAction\",\"target\":[\"https:\\\/\\\/www.hiddentrackrecords.com\\\/ca\\\/product\\\/tots-els-cingles\\\/\"]}]},{\"@type\":\"ImageObject\",\"inLanguage\":\"ca\",\"@id\":\"https:\\\/\\\/www.hiddentrackrecords.com\\\/ca\\\/product\\\/tots-els-cingles\\\/#primaryimage\",\"url\":\"https:\\\/\\\/www.hiddentrackrecords.com\\\/wp-content\\\/uploads\\\/2023\\\/05\\\/portada.jpeg\",\"contentUrl\":\"https:\\\/\\\/www.hiddentrackrecords.com\\\/wp-content\\\/uploads\\\/2023\\\/05\\\/portada.jpeg\",\"width\":2202,\"height\":2202},{\"@type\":\"BreadcrumbList\",\"@id\":\"https:\\\/\\\/www.hiddentrackrecords.com\\\/ca\\\/product\\\/tots-els-cingles\\\/#breadcrumb\",\"itemListElement\":[{\"@type\":\"ListItem\",\"position\":1,\"name\":\"Home\",\"item\":\"https:\\\/\\\/www.hiddentrackrecords.com\\\/ca\\\/\"},{\"@type\":\"ListItem\",\"position\":2,\"name\":\"Shop\",\"item\":\"https:\\\/\\\/www.hiddentrackrecords.com\\\/ca\\\/shop-2\\\/\"},{\"@type\":\"ListItem\",\"position\":3,\"name\":\"Tots els cingles d&#8217;Anna Andreu\"}]},{\"@type\":\"WebSite\",\"@id\":\"https:\\\/\\\/www.hiddentrackrecords.com\\\/#website\",\"url\":\"https:\\\/\\\/www.hiddentrackrecords.com\\\/\",\"name\":\"Hidden Track Records\",\"description\":\"\",\"potentialAction\":[{\"@type\":\"SearchAction\",\"target\":{\"@type\":\"EntryPoint\",\"urlTemplate\":\"https:\\\/\\\/www.hiddentrackrecords.com\\\/?s={search_term_string}\"},\"query-input\":{\"@type\":\"PropertyValueSpecification\",\"valueRequired\":true,\"valueName\":\"search_term_string\"}}],\"inLanguage\":\"ca\"}]}<\/script>\n<!-- \/ Yoast SEO plugin. -->","yoast_head_json":{"title":"Tots els cingles d'Anna Andreu - Hidden Track Records","robots":{"index":"index","follow":"follow","max-snippet":"max-snippet:-1","max-image-preview":"max-image-preview:large","max-video-preview":"max-video-preview:-1"},"canonical":"https:\/\/www.hiddentrackrecords.com\/ca\/product\/tots-els-cingles\/","og_locale":"ca_ES","og_type":"article","og_title":"Tots els cingles d'Anna Andreu - Hidden Track Records","og_description":"Vinil 7\" negre","og_url":"https:\/\/www.hiddentrackrecords.com\/ca\/product\/tots-els-cingles\/","og_site_name":"Hidden Track Records","article_modified_time":"2025-12-10T17:56:36+00:00","og_image":[{"width":2202,"height":2202,"url":"https:\/\/www.hiddentrackrecords.com\/wp-content\/uploads\/2023\/05\/portada.jpeg","type":"image\/jpeg"}],"twitter_card":"summary_large_image","twitter_misc":{"Temps estimat de lectura":"1 minut"},"schema":{"@context":"https:\/\/schema.org","@graph":[{"@type":"WebPage","@id":"https:\/\/www.hiddentrackrecords.com\/ca\/product\/tots-els-cingles\/","url":"https:\/\/www.hiddentrackrecords.com\/ca\/product\/tots-els-cingles\/","name":"Tots els cingles d'Anna Andreu - Hidden Track Records","isPartOf":{"@id":"https:\/\/www.hiddentrackrecords.com\/#website"},"primaryImageOfPage":{"@id":"https:\/\/www.hiddentrackrecords.com\/ca\/product\/tots-els-cingles\/#primaryimage"},"image":{"@id":"https:\/\/www.hiddentrackrecords.com\/ca\/product\/tots-els-cingles\/#primaryimage"},"thumbnailUrl":"https:\/\/www.hiddentrackrecords.com\/wp-content\/uploads\/2023\/05\/portada.jpeg","datePublished":"2023-05-19T03:44:02+00:00","dateModified":"2025-12-10T17:56:36+00:00","breadcrumb":{"@id":"https:\/\/www.hiddentrackrecords.com\/ca\/product\/tots-els-cingles\/#breadcrumb"},"inLanguage":"ca","potentialAction":[{"@type":"ReadAction","target":["https:\/\/www.hiddentrackrecords.com\/ca\/product\/tots-els-cingles\/"]}]},{"@type":"ImageObject","inLanguage":"ca","@id":"https:\/\/www.hiddentrackrecords.com\/ca\/product\/tots-els-cingles\/#primaryimage","url":"https:\/\/www.hiddentrackrecords.com\/wp-content\/uploads\/2023\/05\/portada.jpeg","contentUrl":"https:\/\/www.hiddentrackrecords.com\/wp-content\/uploads\/2023\/05\/portada.jpeg","width":2202,"height":2202},{"@type":"BreadcrumbList","@id":"https:\/\/www.hiddentrackrecords.com\/ca\/product\/tots-els-cingles\/#breadcrumb","itemListElement":[{"@type":"ListItem","position":1,"name":"Home","item":"https:\/\/www.hiddentrackrecords.com\/ca\/"},{"@type":"ListItem","position":2,"name":"Shop","item":"https:\/\/www.hiddentrackrecords.com\/ca\/shop-2\/"},{"@type":"ListItem","position":3,"name":"Tots els cingles d&#8217;Anna Andreu"}]},{"@type":"WebSite","@id":"https:\/\/www.hiddentrackrecords.com\/#website","url":"https:\/\/www.hiddentrackrecords.com\/","name":"Hidden Track Records","description":"","potentialAction":[{"@type":"SearchAction","target":{"@type":"EntryPoint","urlTemplate":"https:\/\/www.hiddentrackrecords.com\/?s={search_term_string}"},"query-input":{"@type":"PropertyValueSpecification","valueRequired":true,"valueName":"search_term_string"}}],"inLanguage":"ca"}]}},"uagb_featured_image_src":{"full":["https:\/\/www.hiddentrackrecords.com\/wp-content\/uploads\/2023\/05\/portada.jpeg",2202,2202,false],"thumbnail":["https:\/\/www.hiddentrackrecords.com\/wp-content\/uploads\/2023\/05\/portada-150x150.jpeg",150,150,true],"medium":["https:\/\/www.hiddentrackrecords.com\/wp-content\/uploads\/2023\/05\/portada-1280x1280.jpeg",1280,1280,true],"medium_large":["https:\/\/www.hiddentrackrecords.com\/wp-content\/uploads\/2023\/05\/portada-768x768.jpeg",600,600,true],"large":["https:\/\/www.hiddentrackrecords.com\/wp-content\/uploads\/2023\/05\/portada-1920x1920.jpeg",600,600,true],"1536x1536":["https:\/\/www.hiddentrackrecords.com\/wp-content\/uploads\/2023\/05\/portada-1536x1536.jpeg",1536,1536,true],"2048x2048":["https:\/\/www.hiddentrackrecords.com\/wp-content\/uploads\/2023\/05\/portada-2048x2048.jpeg",2048,2048,true],"woocommerce_thumbnail":["https:\/\/www.hiddentrackrecords.com\/wp-content\/uploads\/2023\/05\/portada-300x300.jpeg",300,300,true],"woocommerce_single":["https:\/\/www.hiddentrackrecords.com\/wp-content\/uploads\/2023\/05\/portada-600x600.jpeg",600,600,true],"woocommerce_gallery_thumbnail":["https:\/\/www.hiddentrackrecords.com\/wp-content\/uploads\/2023\/05\/portada-100x100.jpeg",100,100,true]},"uagb_author_info":{"display_name":"sansom","author_link":"https:\/\/www.hiddentrackrecords.com\/ca\/author\/"},"uagb_comment_info":0,"uagb_excerpt":"Vinil 7\" negre","_links":{"self":[{"href":"https:\/\/www.hiddentrackrecords.com\/ca\/wp-json\/wp\/v2\/product\/5065","targetHints":{"allow":["GET"]}}],"collection":[{"href":"https:\/\/www.hiddentrackrecords.com\/ca\/wp-json\/wp\/v2\/product"}],"about":[{"href":"https:\/\/www.hiddentrackrecords.com\/ca\/wp-json\/wp\/v2\/types\/product"}],"wp:featuredmedia":[{"embeddable":true,"href":"https:\/\/www.hiddentrackrecords.com\/ca\/wp-json\/wp\/v2\/media\/5061"}],"wp:attachment":[{"href":"https:\/\/www.hiddentrackrecords.com\/ca\/wp-json\/wp\/v2\/media?parent=5065"}],"wp:term":[{"taxonomy":"product_brand","embeddable":true,"href":"https:\/\/www.hiddentrackrecords.com\/ca\/wp-json\/wp\/v2\/product_brand?post=5065"},{"taxonomy":"product_cat","embeddable":true,"href":"https:\/\/www.hiddentrackrecords.com\/ca\/wp-json\/wp\/v2\/product_cat?post=5065"},{"taxonomy":"product_tag","embeddable":true,"href":"https:\/\/www.hiddentrackrecords.com\/ca\/wp-json\/wp\/v2\/product_tag?post=5065"}],"curies":[{"name":"wp","href":"https:\/\/api.w.org\/{rel}","templated":true}]}}