{"id":1677,"date":"2021-01-31T15:23:43","date_gmt":"2021-01-31T14:23:43","guid":{"rendered":"https:\/\/www.hiddentrackrecords.com\/product\/els-mals-costums-de-anna-andreu\/"},"modified":"2026-02-14T16:50:34","modified_gmt":"2026-02-14T15:50:34","slug":"els-mals-costums-de-anna-andreu","status":"publish","type":"product","link":"https:\/\/www.hiddentrackrecords.com\/ca\/product\/els-mals-costums-de-anna-andreu\/","title":{"rendered":"Els Mals Costums de Anna Andreu"},"content":{"rendered":"<p>Els Mals Costums en Vinil 12&#8243; color blanc i cd digifile.<br \/>\nDisseny de <span style=\"color: #800080;\"><em><strong><a style=\"color: #800080;\" href=\"https:\/\/www.instagram.com\/somcoure\/?hl=es\" target=\"_blank\" rel=\"noopener\">COURE<\/a><\/strong><\/em><\/span> amb fotograf\u00edas de <span style=\"color: #800080;\"><strong><em><a style=\"color: #800080;\" href=\"https:\/\/www.instagram.com\/silviapoch\/?hl=es\" target=\"_blank\" rel=\"noopener\">Silvia Poch<\/a><\/em><\/strong><\/span>.<\/p>\n<p>Despr\u00e9s de diversos discos (i anys) co-liderant el projecte C\u00e1lido Home, Anna Andreu, origin\u00e0ria de Sant Quirze del Vall\u00e8s, debuta en solitari amb el seu disc \u2018Els Mals Costums\u2019 (Hidden Track R\u00e8cords 2020). Anna Andreu, que ha passat dos anys de silenci musical mentre atresorava noves idees, s&#8217;acompanya ara de Marina Arrufat a la bateria, arrodonint un projecte ja de per si mateix replet de la calidesa i la m\u00e0gia habitual que desprenen totes dues artistes.<\/p>\n","protected":false},"excerpt":{"rendered":"<p>Els Mals Costums en Vinilo 12&#8243; color blanco y cd digifile<\/p>\n","protected":false},"featured_media":1224,"template":"","meta":{"_acf_changed":false,"_uag_custom_page_level_css":""},"product_brand":[],"product_cat":[189],"product_tag":[208,265],"class_list":{"0":"post-1677","1":"product","2":"type-product","3":"status-publish","4":"has-post-thumbnail","6":"product_cat-records-ca","7":"product_tag-anna-andreu-ca","8":"product_tag-els-mals-costums-ca","10":"first","11":"instock","12":"featured","13":"shipping-taxable","14":"purchasable","15":"product-type-variable"},"acf":[],"yoast_head":"<!-- This site is optimized with the Yoast SEO plugin v27.5 - https:\/\/yoast.com\/product\/yoast-seo-wordpress\/ -->\n<title>Els Mals Costums de Anna Andreu - Hidden Track Records<\/title>\n<meta name=\"robots\" content=\"index, follow, max-snippet:-1, max-image-preview:large, max-video-preview:-1\" \/>\n<link rel=\"canonical\" href=\"https:\/\/www.hiddentrackrecords.com\/ca\/product\/els-mals-costums-de-anna-andreu\/\" \/>\n<meta property=\"og:locale\" content=\"ca_ES\" \/>\n<meta property=\"og:type\" content=\"article\" \/>\n<meta property=\"og:title\" content=\"Els Mals Costums de Anna Andreu - Hidden Track Records\" \/>\n<meta property=\"og:description\" content=\"Els Mals Costums en Vinilo 12&quot; color blanco y cd digifile\" \/>\n<meta property=\"og:url\" content=\"https:\/\/www.hiddentrackrecords.com\/ca\/product\/els-mals-costums-de-anna-andreu\/\" \/>\n<meta property=\"og:site_name\" content=\"Hidden Track Records\" \/>\n<meta property=\"article:modified_time\" content=\"2026-02-14T15:50:34+00:00\" \/>\n<meta property=\"og:image\" content=\"https:\/\/www.hiddentrackrecords.com\/wp-content\/uploads\/2021\/01\/Portada-Els-mals-costums-1920x1920.jpg\" \/>\n\t<meta property=\"og:image:width\" content=\"1920\" \/>\n\t<meta property=\"og:image:height\" content=\"1920\" \/>\n\t<meta property=\"og:image:type\" content=\"image\/jpeg\" \/>\n<meta name=\"twitter:card\" content=\"summary_large_image\" \/>\n<meta name=\"twitter:label1\" content=\"Temps estimat de lectura\" \/>\n\t<meta name=\"twitter:data1\" content=\"1 minut\" \/>\n<script type=\"application\/ld+json\" class=\"yoast-schema-graph\">{\"@context\":\"https:\\\/\\\/schema.org\",\"@graph\":[{\"@type\":\"WebPage\",\"@id\":\"https:\\\/\\\/www.hiddentrackrecords.com\\\/ca\\\/product\\\/els-mals-costums-de-anna-andreu\\\/\",\"url\":\"https:\\\/\\\/www.hiddentrackrecords.com\\\/ca\\\/product\\\/els-mals-costums-de-anna-andreu\\\/\",\"name\":\"Els Mals Costums de Anna Andreu - Hidden Track Records\",\"isPartOf\":{\"@id\":\"https:\\\/\\\/www.hiddentrackrecords.com\\\/#website\"},\"primaryImageOfPage\":{\"@id\":\"https:\\\/\\\/www.hiddentrackrecords.com\\\/ca\\\/product\\\/els-mals-costums-de-anna-andreu\\\/#primaryimage\"},\"image\":{\"@id\":\"https:\\\/\\\/www.hiddentrackrecords.com\\\/ca\\\/product\\\/els-mals-costums-de-anna-andreu\\\/#primaryimage\"},\"thumbnailUrl\":\"https:\\\/\\\/www.hiddentrackrecords.com\\\/wp-content\\\/uploads\\\/2021\\\/01\\\/Portada-Els-mals-costums.jpg\",\"datePublished\":\"2021-01-31T14:23:43+00:00\",\"dateModified\":\"2026-02-14T15:50:34+00:00\",\"breadcrumb\":{\"@id\":\"https:\\\/\\\/www.hiddentrackrecords.com\\\/ca\\\/product\\\/els-mals-costums-de-anna-andreu\\\/#breadcrumb\"},\"inLanguage\":\"ca\",\"potentialAction\":[{\"@type\":\"ReadAction\",\"target\":[\"https:\\\/\\\/www.hiddentrackrecords.com\\\/ca\\\/product\\\/els-mals-costums-de-anna-andreu\\\/\"]}]},{\"@type\":\"ImageObject\",\"inLanguage\":\"ca\",\"@id\":\"https:\\\/\\\/www.hiddentrackrecords.com\\\/ca\\\/product\\\/els-mals-costums-de-anna-andreu\\\/#primaryimage\",\"url\":\"https:\\\/\\\/www.hiddentrackrecords.com\\\/wp-content\\\/uploads\\\/2021\\\/01\\\/Portada-Els-mals-costums.jpg\",\"contentUrl\":\"https:\\\/\\\/www.hiddentrackrecords.com\\\/wp-content\\\/uploads\\\/2021\\\/01\\\/Portada-Els-mals-costums.jpg\",\"width\":1920,\"height\":1920},{\"@type\":\"BreadcrumbList\",\"@id\":\"https:\\\/\\\/www.hiddentrackrecords.com\\\/ca\\\/product\\\/els-mals-costums-de-anna-andreu\\\/#breadcrumb\",\"itemListElement\":[{\"@type\":\"ListItem\",\"position\":1,\"name\":\"Home\",\"item\":\"https:\\\/\\\/www.hiddentrackrecords.com\\\/ca\\\/\"},{\"@type\":\"ListItem\",\"position\":2,\"name\":\"Shop\",\"item\":\"https:\\\/\\\/www.hiddentrackrecords.com\\\/ca\\\/shop-2\\\/\"},{\"@type\":\"ListItem\",\"position\":3,\"name\":\"Els Mals Costums de Anna Andreu\"}]},{\"@type\":\"WebSite\",\"@id\":\"https:\\\/\\\/www.hiddentrackrecords.com\\\/#website\",\"url\":\"https:\\\/\\\/www.hiddentrackrecords.com\\\/\",\"name\":\"Hidden Track Records\",\"description\":\"\",\"potentialAction\":[{\"@type\":\"SearchAction\",\"target\":{\"@type\":\"EntryPoint\",\"urlTemplate\":\"https:\\\/\\\/www.hiddentrackrecords.com\\\/?s={search_term_string}\"},\"query-input\":{\"@type\":\"PropertyValueSpecification\",\"valueRequired\":true,\"valueName\":\"search_term_string\"}}],\"inLanguage\":\"ca\"}]}<\/script>\n<!-- \/ Yoast SEO plugin. -->","yoast_head_json":{"title":"Els Mals Costums de Anna Andreu - Hidden Track Records","robots":{"index":"index","follow":"follow","max-snippet":"max-snippet:-1","max-image-preview":"max-image-preview:large","max-video-preview":"max-video-preview:-1"},"canonical":"https:\/\/www.hiddentrackrecords.com\/ca\/product\/els-mals-costums-de-anna-andreu\/","og_locale":"ca_ES","og_type":"article","og_title":"Els Mals Costums de Anna Andreu - Hidden Track Records","og_description":"Els Mals Costums en Vinilo 12\" color blanco y cd digifile","og_url":"https:\/\/www.hiddentrackrecords.com\/ca\/product\/els-mals-costums-de-anna-andreu\/","og_site_name":"Hidden Track Records","article_modified_time":"2026-02-14T15:50:34+00:00","og_image":[{"width":1920,"height":1920,"url":"https:\/\/www.hiddentrackrecords.com\/wp-content\/uploads\/2021\/01\/Portada-Els-mals-costums-1920x1920.jpg","type":"image\/jpeg"}],"twitter_card":"summary_large_image","twitter_misc":{"Temps estimat de lectura":"1 minut"},"schema":{"@context":"https:\/\/schema.org","@graph":[{"@type":"WebPage","@id":"https:\/\/www.hiddentrackrecords.com\/ca\/product\/els-mals-costums-de-anna-andreu\/","url":"https:\/\/www.hiddentrackrecords.com\/ca\/product\/els-mals-costums-de-anna-andreu\/","name":"Els Mals Costums de Anna Andreu - Hidden Track Records","isPartOf":{"@id":"https:\/\/www.hiddentrackrecords.com\/#website"},"primaryImageOfPage":{"@id":"https:\/\/www.hiddentrackrecords.com\/ca\/product\/els-mals-costums-de-anna-andreu\/#primaryimage"},"image":{"@id":"https:\/\/www.hiddentrackrecords.com\/ca\/product\/els-mals-costums-de-anna-andreu\/#primaryimage"},"thumbnailUrl":"https:\/\/www.hiddentrackrecords.com\/wp-content\/uploads\/2021\/01\/Portada-Els-mals-costums.jpg","datePublished":"2021-01-31T14:23:43+00:00","dateModified":"2026-02-14T15:50:34+00:00","breadcrumb":{"@id":"https:\/\/www.hiddentrackrecords.com\/ca\/product\/els-mals-costums-de-anna-andreu\/#breadcrumb"},"inLanguage":"ca","potentialAction":[{"@type":"ReadAction","target":["https:\/\/www.hiddentrackrecords.com\/ca\/product\/els-mals-costums-de-anna-andreu\/"]}]},{"@type":"ImageObject","inLanguage":"ca","@id":"https:\/\/www.hiddentrackrecords.com\/ca\/product\/els-mals-costums-de-anna-andreu\/#primaryimage","url":"https:\/\/www.hiddentrackrecords.com\/wp-content\/uploads\/2021\/01\/Portada-Els-mals-costums.jpg","contentUrl":"https:\/\/www.hiddentrackrecords.com\/wp-content\/uploads\/2021\/01\/Portada-Els-mals-costums.jpg","width":1920,"height":1920},{"@type":"BreadcrumbList","@id":"https:\/\/www.hiddentrackrecords.com\/ca\/product\/els-mals-costums-de-anna-andreu\/#breadcrumb","itemListElement":[{"@type":"ListItem","position":1,"name":"Home","item":"https:\/\/www.hiddentrackrecords.com\/ca\/"},{"@type":"ListItem","position":2,"name":"Shop","item":"https:\/\/www.hiddentrackrecords.com\/ca\/shop-2\/"},{"@type":"ListItem","position":3,"name":"Els Mals Costums de Anna Andreu"}]},{"@type":"WebSite","@id":"https:\/\/www.hiddentrackrecords.com\/#website","url":"https:\/\/www.hiddentrackrecords.com\/","name":"Hidden Track Records","description":"","potentialAction":[{"@type":"SearchAction","target":{"@type":"EntryPoint","urlTemplate":"https:\/\/www.hiddentrackrecords.com\/?s={search_term_string}"},"query-input":{"@type":"PropertyValueSpecification","valueRequired":true,"valueName":"search_term_string"}}],"inLanguage":"ca"}]}},"uagb_featured_image_src":{"full":["https:\/\/www.hiddentrackrecords.com\/wp-content\/uploads\/2021\/01\/Portada-Els-mals-costums.jpg",1920,1920,false],"thumbnail":["https:\/\/www.hiddentrackrecords.com\/wp-content\/uploads\/2021\/01\/Portada-Els-mals-costums-500x500.jpg",500,500,true],"medium":["https:\/\/www.hiddentrackrecords.com\/wp-content\/uploads\/2021\/01\/Portada-Els-mals-costums-1280x1280.jpg",1280,1280,true],"medium_large":["https:\/\/www.hiddentrackrecords.com\/wp-content\/uploads\/2021\/01\/Portada-Els-mals-costums-768x768.jpg",600,600,true],"large":["https:\/\/www.hiddentrackrecords.com\/wp-content\/uploads\/2021\/01\/Portada-Els-mals-costums-1920x1920.jpg",600,600,true],"1536x1536":["https:\/\/www.hiddentrackrecords.com\/wp-content\/uploads\/2021\/01\/Portada-Els-mals-costums-1536x1536.jpg",1536,1536,true],"2048x2048":["https:\/\/www.hiddentrackrecords.com\/wp-content\/uploads\/2021\/01\/Portada-Els-mals-costums.jpg",1920,1920,false],"woocommerce_thumbnail":["https:\/\/www.hiddentrackrecords.com\/wp-content\/uploads\/2021\/01\/Portada-Els-mals-costums-300x300.jpg",300,300,true],"woocommerce_single":["https:\/\/www.hiddentrackrecords.com\/wp-content\/uploads\/2021\/01\/Portada-Els-mals-costums-600x600.jpg",600,600,true],"woocommerce_gallery_thumbnail":["https:\/\/www.hiddentrackrecords.com\/wp-content\/uploads\/2021\/01\/Portada-Els-mals-costums-100x100.jpg",100,100,true]},"uagb_author_info":{"display_name":"sansom","author_link":"https:\/\/www.hiddentrackrecords.com\/ca\/author\/"},"uagb_comment_info":0,"uagb_excerpt":"Els Mals Costums en Vinilo 12\" color blanco y cd digifile","_links":{"self":[{"href":"https:\/\/www.hiddentrackrecords.com\/ca\/wp-json\/wp\/v2\/product\/1677","targetHints":{"allow":["GET"]}}],"collection":[{"href":"https:\/\/www.hiddentrackrecords.com\/ca\/wp-json\/wp\/v2\/product"}],"about":[{"href":"https:\/\/www.hiddentrackrecords.com\/ca\/wp-json\/wp\/v2\/types\/product"}],"wp:featuredmedia":[{"embeddable":true,"href":"https:\/\/www.hiddentrackrecords.com\/ca\/wp-json\/wp\/v2\/media\/1224"}],"wp:attachment":[{"href":"https:\/\/www.hiddentrackrecords.com\/ca\/wp-json\/wp\/v2\/media?parent=1677"}],"wp:term":[{"taxonomy":"product_brand","embeddable":true,"href":"https:\/\/www.hiddentrackrecords.com\/ca\/wp-json\/wp\/v2\/product_brand?post=1677"},{"taxonomy":"product_cat","embeddable":true,"href":"https:\/\/www.hiddentrackrecords.com\/ca\/wp-json\/wp\/v2\/product_cat?post=1677"},{"taxonomy":"product_tag","embeddable":true,"href":"https:\/\/www.hiddentrackrecords.com\/ca\/wp-json\/wp\/v2\/product_tag?post=1677"}],"curies":[{"name":"wp","href":"https:\/\/api.w.org\/{rel}","templated":true}]}}